{"id":1516,"date":"2020-01-03T15:54:59","date_gmt":"2020-01-03T14:54:59","guid":{"rendered":"https:\/\/budokanporrentruy.ch\/?page_id=1516"},"modified":"2025-12-19T17:32:29","modified_gmt":"2025-12-19T16:32:29","slug":"championnats-individuels","status":"publish","type":"page","link":"https:\/\/budokanporrentruy.ch\/index.php\/judo\/championnats-ju\/championnats-individuels\/","title":{"rendered":"Individuels (CJI)"},"content":{"rendered":"\n<h4>\u00a0<\/h4>\n<h4>&gt;&gt; <a href=\"https:\/\/budokanporrentruy.ch\/index.php\/judo\/championnats-ju\/cji\/\">\u00c9dition 2019 &#8211; R\u00e9sultats<\/a><\/h4>\n<h4><strong>&gt;&gt; <del>\u00c9dition 2020 annul\u00e9e en raison du Covid-19<\/del><\/strong><\/h4>\n<h4>&gt;&gt; <a href=\"https:\/\/budokanporrentruy.ch\/index.php\/cji-edition-2021\/\">\u00c9dition 2021 &#8211; R\u00e9sultats<\/a><\/h4>\n<h4>&gt;&gt; <a href=\"https:\/\/budokanporrentruy.ch\/index.php\/judo\/championnats-ju\/championnats-individuels\/championnat-jurassien-individuel-2022\/\">\u00c9dition 2022 &#8211; R\u00e9sultats<\/a><\/h4>\n<h4>&gt;&gt; <a href=\"https:\/\/budokanporrentruy.ch\/index.php\/judo\/championnats-ju\/championnats-individuels\/championnat-jurassien-individuel-2023\/\">\u00c9dition 2023 &#8211; R\u00e9sultats<\/a><\/h4>\n<h4>&gt;&gt; <a href=\"https:\/\/budokanporrentruy.ch\/index.php\/judo\/championnats-ju\/championnats-individuels\/championnat-jurassien-individuel-2024\/\">\u00c9dition 2024 &#8211; R\u00e9sultats<\/a><\/h4>\n<h4>&gt;&gt; <a href=\"https:\/\/budokanporrentruy.ch\/index.php\/judo\/championnats-ju\/championnats-individuels\/championnat-jurassien-individuel-2025\/\">\u00c9dition 2025 &#8211; R\u00e9sultats<\/a><\/h4>\n\n\n","protected":false},"excerpt":{"rendered":"<p>\u00a0 &gt;&gt; \u00c9dition 2019 &#8211; R\u00e9sultats &gt;&gt; \u00c9dition 2020 annul\u00e9e en raison du Covid-19 &gt;&gt; \u00c9dition 2021 &#8211; R\u00e9sultats &gt;&gt; \u00c9dition 2022 &#8211; R\u00e9sultats &gt;&gt; \u00c9dition 2023 &#8211; R\u00e9sultats &gt;&gt; \u00c9dition 2024 &#8211; R\u00e9sultats &gt;&gt; \u00c9dition 2025 &#8211; R\u00e9sultats<\/p>\n<p><a href=\"https:\/\/budokanporrentruy.ch\/index.php\/judo\/championnats-ju\/championnats-individuels\/\"><span class=\"glyphicon glyphicon-arrow-right\"><\/span>&nbsp;Poursuivre la lecture<\/a><\/p>","protected":false},"author":1,"featured_media":1526,"parent":715,"menu_order":0,"comment_status":"closed","ping_status":"closed","template":"","meta":{"footnotes":""},"class_list":["post-1516","page","type-page","status-publish","has-post-thumbnail","hentry"],"_links":{"self":[{"href":"https:\/\/budokanporrentruy.ch\/index.php\/wp-json\/wp\/v2\/pages\/1516"}],"collection":[{"href":"https:\/\/budokanporrentruy.ch\/index.php\/wp-json\/wp\/v2\/pages"}],"about":[{"href":"https:\/\/budokanporrentruy.ch\/index.php\/wp-json\/wp\/v2\/types\/page"}],"author":[{"embeddable":true,"href":"https:\/\/budokanporrentruy.ch\/index.php\/wp-json\/wp\/v2\/users\/1"}],"replies":[{"embeddable":true,"href":"https:\/\/budokanporrentruy.ch\/index.php\/wp-json\/wp\/v2\/comments?post=1516"}],"version-history":[{"count":16,"href":"https:\/\/budokanporrentruy.ch\/index.php\/wp-json\/wp\/v2\/pages\/1516\/revisions"}],"predecessor-version":[{"id":2190,"href":"https:\/\/budokanporrentruy.ch\/index.php\/wp-json\/wp\/v2\/pages\/1516\/revisions\/2190"}],"up":[{"embeddable":true,"href":"https:\/\/budokanporrentruy.ch\/index.php\/wp-json\/wp\/v2\/pages\/715"}],"wp:featuredmedia":[{"embeddable":true,"href":"https:\/\/budokanporrentruy.ch\/index.php\/wp-json\/wp\/v2\/media\/1526"}],"wp:attachment":[{"href":"https:\/\/budokanporrentruy.ch\/index.php\/wp-json\/wp\/v2\/media?parent=1516"}],"curies":[{"name":"wp","href":"https:\/\/api.w.org\/{rel}","templated":true}]}}