{"id":2073,"date":"2024-12-10T04:06:28","date_gmt":"2024-12-10T03:06:28","guid":{"rendered":"https:\/\/budokanporrentruy.ch\/?page_id=2073"},"modified":"2024-12-10T04:16:40","modified_gmt":"2024-12-10T03:16:40","slug":"championnat-jurassien-individuel-2024","status":"publish","type":"page","link":"https:\/\/budokanporrentruy.ch\/index.php\/judo\/championnats-ju\/championnats-individuels\/championnat-jurassien-individuel-2024\/","title":{"rendered":"Championnat jurassien individuel 2024"},"content":{"rendered":"\n<p><strong style=\"color: initial;\"><span data-offset-key=\"4cn02-0-0\">Nos traditionnels championnats ont eu lieu ce dimanche 8 d\u00e9cembre dans une superbe ambiance. L&rsquo;occasion de terminer l&rsquo;ann\u00e9e sur une belle c\u00e9l\u00e9bration du judo jurassien, des plus petits aux plus grands. Comme l&rsquo;ann\u00e9e pr\u00e9c\u00e9dente, le tournoi a enregistr\u00e9 plus d&rsquo;une centaine d&rsquo;inscriptions, soit une belle constance dans la continuit\u00e9 des derni\u00e8res \u00e9ditions.<\/span><\/strong><\/p>\n<p>Le tournoi a accueilli cette ann\u00e9e 106 participant\ua78fe\ua78fs, soit l&rsquo;exact m\u00eame nombre qu&rsquo;en 2023. Au total, 23 titres de champions et championnes jurassien\ua78fne\ua78fs ont \u00e9t\u00e9 attribu\u00e9s parmi la centaine de judokas et judokates qui ont foul\u00e9 les tatamis de l&rsquo;Oiselier.<\/p>\n<p>Au tableau des m\u00e9dailles, c&rsquo;est le Judo Club Moutier qui l&#8217;emporte cette ann\u00e9e, avec six titres. Suivent le Budo-Kan Porrentruy et le JC Bo\u00e9court, avec chacun cinq titres.<\/p>\n<p style=\"text-align: left;\"><span style=\"text-decoration: underline;\"><strong style=\"font-size: revert; color: initial; text-decoration: underline;\">Le tableau des m\u00e9dailles<\/strong><\/span><\/p>\n<p><strong><img loading=\"lazy\" decoding=\"async\" class=\"wp-image-2075 alignleft\" src=\"https:\/\/budokanporrentruy.ch\/wp-content\/uploads\/2024\/12\/Tableau-des-medailles-300x132.png\" alt=\"\" width=\"502\" height=\"221\" srcset=\"https:\/\/budokanporrentruy.ch\/wp-content\/uploads\/2024\/12\/Tableau-des-medailles-300x132.png 300w, https:\/\/budokanporrentruy.ch\/wp-content\/uploads\/2024\/12\/Tableau-des-medailles-768x337.png 768w, https:\/\/budokanporrentruy.ch\/wp-content\/uploads\/2024\/12\/Tableau-des-medailles.png 780w\" sizes=\"(max-width: 502px) 100vw, 502px\" \/><\/strong><\/p>\n<p>\u00a0<\/p>\n<p>\u00a0<\/p>\n<p>\u00a0<\/p>\n<p>\u00a0<\/p>\n<p>\u00a0<\/p>\n<p>\u00a0<\/p>\n<p>\u00a0<\/p>\n<p>\u00a0<\/p>\n<p><strong>&gt;&gt; Le d\u00e9tail: <a href=\"https:\/\/budokanporrentruy.ch\/wp-content\/uploads\/2024\/12\/Tableaux-des-medailles.pdf\">Tableaux des m\u00e9dailles 2024<\/a><\/strong><\/p>\n<div id=\"attachment_2100\" style=\"width: 296px\" class=\"wp-caption alignright\"><img loading=\"lazy\" decoding=\"async\" aria-describedby=\"caption-attachment-2100\" class=\"wp-image-2100 \" src=\"https:\/\/budokanporrentruy.ch\/wp-content\/uploads\/2024\/12\/Elites-OPEN-Mixte-300x225.jpg\" alt=\"Le podium de la cat\u00e9gorie &quot;Open&quot;.\" width=\"286\" height=\"215\" srcset=\"https:\/\/budokanporrentruy.ch\/wp-content\/uploads\/2024\/12\/Elites-OPEN-Mixte-300x225.jpg 300w, https:\/\/budokanporrentruy.ch\/wp-content\/uploads\/2024\/12\/Elites-OPEN-Mixte-1024x768.jpg 1024w, https:\/\/budokanporrentruy.ch\/wp-content\/uploads\/2024\/12\/Elites-OPEN-Mixte-768x576.jpg 768w, https:\/\/budokanporrentruy.ch\/wp-content\/uploads\/2024\/12\/Elites-OPEN-Mixte-1536x1152.jpg 1536w, https:\/\/budokanporrentruy.ch\/wp-content\/uploads\/2024\/12\/Elites-OPEN-Mixte-2048x1536.jpg 2048w\" sizes=\"(max-width: 286px) 100vw, 286px\" \/><p id=\"caption-attachment-2100\" class=\"wp-caption-text\">Le podium de la cat\u00e9gorie \u00ab\u00a0Open\u00a0\u00bb.<\/p><\/div>\n<p>Comme lors des trois pr\u00e9c\u00e9dentes \u00e9ditions, la cat\u00e9gorie Open mixte est venue clore la matin\u00e9e sous la forme d&rsquo;une cat\u00e9gorie \u00ab\u00a0gala\u00a0\u00bb. C&rsquo;est Manu Stegmueller (JC Moutier) qui l&rsquo;a emport\u00e9 pour la deuxi\u00e8me fois. Mais cette \u00e9dition a aussi \u00e9t\u00e9 marqu\u00e9e par une participation record et par une premi\u00e8re pr\u00e9sence f\u00e9minine sur le podium, avec Lara Bigler (JC Del\u00e9mont), 3\u00e8me.<\/p>\n<p><strong>&gt;&gt; Les podiums (avec photos): <a href=\"https:\/\/budokanporrentruy.ch\/wp-content\/uploads\/2024\/12\/Podiums-et-photos.pdf\">Podiums et photos 2024<\/a><\/strong><\/p>\n<p>\u00a0<\/p>\n<p>Puis, avant la pause de midi, le pr\u00e9sident de l&rsquo;Association jurassienne de judo (AJJ) a pris la parole pour revenir sur l&rsquo;ann\u00e9e 2024. Il a notamment salu\u00e9 le bilan exceptionnel des Championnats suisses individuels, avec quatre m\u00e9dailles d\u00e9croch\u00e9es pour l&rsquo;AJJ, dont deux titres. Du c\u00f4t\u00e9 du BKP, on a ainsi pu c\u00e9l\u00e9brer le titre national de Jessica Gurba en \u00e9lite -52kg et la m\u00e9daille d&rsquo;argent de Ludovic de Smet en junior +100kg. M\u00eame bilan pour le JC Del\u00e9mont, avec le premier titre en \u00e9lites pour Loan Celikbilek (-66kg) et la m\u00e9daille d&rsquo;argent de Bastien Beuchat (-90kg).<\/p>\n<div id=\"attachment_2082\" style=\"width: 566px\" class=\"wp-caption aligncenter\"><img loading=\"lazy\" decoding=\"async\" aria-describedby=\"caption-attachment-2082\" class=\"wp-image-2082 \" src=\"https:\/\/budokanporrentruy.ch\/wp-content\/uploads\/2024\/12\/Ceremonies-CSI-300x225.jpg\" alt=\"Les m\u00e9daill\u00e9\ua78fe\ua78fs et qualifi\u00e9\ua78fe\ua78fs aux CSI 2024, en compagnie de Dominique Berchtold. Derri\u00e8re, de g. \u00e0 d.: Gwendolyn Bertinotti (7e), Nicolas Currat, Kylien Bron, Ludovic de Smet (2e), Bastien Beuchat (2e). Devant: Eliot Domont (7e), Lara Bigler, Loan Celikbilek (1er), Jessica Gurba (1\u00e8re).\" width=\"556\" height=\"417\" srcset=\"https:\/\/budokanporrentruy.ch\/wp-content\/uploads\/2024\/12\/Ceremonies-CSI-300x225.jpg 300w, https:\/\/budokanporrentruy.ch\/wp-content\/uploads\/2024\/12\/Ceremonies-CSI-1024x768.jpg 1024w, https:\/\/budokanporrentruy.ch\/wp-content\/uploads\/2024\/12\/Ceremonies-CSI-768x576.jpg 768w, https:\/\/budokanporrentruy.ch\/wp-content\/uploads\/2024\/12\/Ceremonies-CSI-1536x1152.jpg 1536w, https:\/\/budokanporrentruy.ch\/wp-content\/uploads\/2024\/12\/Ceremonies-CSI-2048x1536.jpg 2048w\" sizes=\"(max-width: 556px) 100vw, 556px\" \/><p id=\"caption-attachment-2082\" class=\"wp-caption-text\">Les m\u00e9daill\u00e9\ua78fe\ua78fs et qualifi\u00e9\ua78fe\ua78fs aux CSI 2024, en compagnie de Dominique Berchtold. Derri\u00e8re, de g. \u00e0 d.: Gwendolyn Bertinotti (7e), Nicolas Currat, Kylien Bron, Ludovic de Smet (2e), Bastien Beuchat (2e). Devant: Eliot Domont (7e), Lara Bigler, Loan Celikbilek (1er), Jessica Gurba (1\u00e8re).<\/p><\/div>\n<p>\u00a0<\/p>\n","protected":false},"excerpt":{"rendered":"<p>Nos traditionnels championnats ont eu lieu ce dimanche 8 d\u00e9cembre dans une superbe ambiance. L&rsquo;occasion de terminer l&rsquo;ann\u00e9e sur une belle c\u00e9l\u00e9bration du judo jurassien, des plus petits aux plus grands. Comme l&rsquo;ann\u00e9e pr\u00e9c\u00e9dente, le tournoi a enregistr\u00e9 plus d&rsquo;une centaine d&rsquo;inscriptions, soit une belle constance dans la continuit\u00e9 des derni\u00e8res \u00e9ditions. Le tournoi a&#8230;<\/p>\n<p><a href=\"https:\/\/budokanporrentruy.ch\/index.php\/judo\/championnats-ju\/championnats-individuels\/championnat-jurassien-individuel-2024\/\"><span class=\"glyphicon glyphicon-arrow-right\"><\/span>&nbsp;Poursuivre la lecture<\/a><\/p>","protected":false},"author":1,"featured_media":2099,"parent":1516,"menu_order":0,"comment_status":"closed","ping_status":"closed","template":"","meta":{"footnotes":""},"class_list":["post-2073","page","type-page","status-publish","has-post-thumbnail","hentry"],"_links":{"self":[{"href":"https:\/\/budokanporrentruy.ch\/index.php\/wp-json\/wp\/v2\/pages\/2073"}],"collection":[{"href":"https:\/\/budokanporrentruy.ch\/index.php\/wp-json\/wp\/v2\/pages"}],"about":[{"href":"https:\/\/budokanporrentruy.ch\/index.php\/wp-json\/wp\/v2\/types\/page"}],"author":[{"embeddable":true,"href":"https:\/\/budokanporrentruy.ch\/index.php\/wp-json\/wp\/v2\/users\/1"}],"replies":[{"embeddable":true,"href":"https:\/\/budokanporrentruy.ch\/index.php\/wp-json\/wp\/v2\/comments?post=2073"}],"version-history":[{"count":16,"href":"https:\/\/budokanporrentruy.ch\/index.php\/wp-json\/wp\/v2\/pages\/2073\/revisions"}],"predecessor-version":[{"id":2101,"href":"https:\/\/budokanporrentruy.ch\/index.php\/wp-json\/wp\/v2\/pages\/2073\/revisions\/2101"}],"up":[{"embeddable":true,"href":"https:\/\/budokanporrentruy.ch\/index.php\/wp-json\/wp\/v2\/pages\/1516"}],"wp:featuredmedia":[{"embeddable":true,"href":"https:\/\/budokanporrentruy.ch\/index.php\/wp-json\/wp\/v2\/media\/2099"}],"wp:attachment":[{"href":"https:\/\/budokanporrentruy.ch\/index.php\/wp-json\/wp\/v2\/media?parent=2073"}],"curies":[{"name":"wp","href":"https:\/\/api.w.org\/{rel}","templated":true}]}}