{"id":29,"date":"2016-12-05T10:03:00","date_gmt":"2016-12-05T09:03:00","guid":{"rendered":"https:\/\/budokanporrentruy.ch\/?page_id=29"},"modified":"2024-05-13T09:12:38","modified_gmt":"2024-05-13T07:12:38","slug":"horaire-entrainements","status":"publish","type":"page","link":"https:\/\/budokanporrentruy.ch\/index.php\/aikido\/horaire-entrainements\/","title":{"rendered":"Horaires des entra\u00eenements"},"content":{"rendered":"<h2><span style=\"color: #b20000; font-family: arial,helvetica,sans-serif;\">Mardi<\/span><\/h2>\n<table style=\"width: 72.0134%; height: 68px;\">\n<tbody>\n<tr style=\"height: 24.26px;\">\n<td style=\"width: 32.7465%; height: 24.26px;\"><span style=\"font-family: arial,helvetica,sans-serif;\">18h30 &#8211; 19h30\/20h<\/span><\/td>\n<td style=\"width: 32.7465%; height: 24.26px;\"><span style=\"font-family: arial,helvetica,sans-serif;\">Groupe \u00ab\u00a0Enfants\u00a0\u00bb<\/span><\/td>\n<td style=\"width: 32.9225%; height: 24.26px;\"><span style=\"font-family: arial,helvetica,sans-serif;\">Manuel Benitez<\/span><\/td>\n<\/tr>\n<tr style=\"height: 24.26px;\">\n<td style=\"width: 32.7465%; height: 24.26px;\"><span style=\"font-family: arial,helvetica,sans-serif;\">18h30 &#8211; 20h30<\/span><\/td>\n<td style=\"width: 32.7465%; height: 24.26px;\"><span style=\"font-family: arial,helvetica,sans-serif;\">Groupe \u00ab\u00a0Adultes\u00a0\u00bb<\/span><\/td>\n<td style=\"width: 32.9225%; height: 24.26px;\"><span style=\"font-family: arial,helvetica,sans-serif;\">Manuel Benitez<\/span><\/td>\n<\/tr>\n<\/tbody>\n<\/table>\n<h2>\u00a0<span style=\"color: #b20000; font-family: arial,helvetica,sans-serif;\"><br \/><\/span><\/h2>\n<h2><span style=\"color: #b20000; font-family: arial,helvetica,sans-serif;\">Jeudi<\/span><\/h2>\n<table style=\"height: 65px; width: 71.6667%;\" width=\"550\">\n<tbody>\n<tr>\n<td style=\"width: 176px;\"><span style=\"font-family: arial,helvetica,sans-serif;\">18h30 &#8211; 19h30\/20h<\/span><\/td>\n<td style=\"width: 176px;\"><span style=\"font-family: arial,helvetica,sans-serif;\">Groupe \u00ab\u00a0Enfants\u00a0\u00bb<\/span><\/td>\n<td style=\"width: 176px;\"><span style=\"font-family: arial,helvetica,sans-serif;\">Manuel Benitez<\/span><\/td>\n<\/tr>\n<tr>\n<td style=\"width: 176px;\"><span style=\"font-family: arial,helvetica,sans-serif;\">18h30 &#8211; 20h30<\/span><\/td>\n<td style=\"width: 176px;\"><span style=\"font-family: arial,helvetica,sans-serif;\">Groupe \u00ab\u00a0Adultes\u00a0\u00bb<\/span><\/td>\n<td style=\"width: 176px;\"><span style=\"font-family: arial,helvetica,sans-serif;\">Manuel Benitez<\/span><\/td>\n<\/tr>\n<\/tbody>\n<\/table>\n\n\n<h2 class=\"wp-block-heading\"><br>L&rsquo;\u00e9quipe<\/h2>\n\n\n\n<p>Entra\u00eeneur principal : Manuel Benitez<\/p>\n\n\n\n<figure class=\"wp-block-image size-full is-resized\"><img loading=\"lazy\" decoding=\"async\" width=\"180\" height=\"218\" src=\"https:\/\/budokanporrentruy.ch\/wp-content\/uploads\/2024\/05\/Manu1.jpg\" alt=\"\" class=\"wp-image-2034\" style=\"width:111px;height:auto\"\/><figcaption class=\"wp-element-caption\">Manuel Benitez<\/figcaption><\/figure>\n\n\n\n\n\n<p><br>Entra\u00eeneurs rempla\u00e7ants : Bruno Iezzi et Marcel Borne<\/p>\n\n\n\n<figure class=\"wp-block-image size-full is-resized\"><img loading=\"lazy\" decoding=\"async\" width=\"214\" height=\"265\" src=\"https:\/\/budokanporrentruy.ch\/wp-content\/uploads\/2024\/05\/Bruno.jpg\" alt=\"\" class=\"wp-image-2035\" style=\"width:108px;height:auto\"\/><figcaption class=\"wp-element-caption\">Bruno Iezzi<\/figcaption><\/figure>\n\n\n\n<figure class=\"wp-block-image size-full is-resized\"><img loading=\"lazy\" decoding=\"async\" width=\"165\" height=\"203\" src=\"https:\/\/budokanporrentruy.ch\/wp-content\/uploads\/2024\/05\/Marcel.jpg\" alt=\"\" class=\"wp-image-2036\" style=\"width:106px;height:auto\"\/><figcaption class=\"wp-element-caption\">Marcel Borne<\/figcaption><\/figure>\n","protected":false},"excerpt":{"rendered":"<p>Mardi 18h30 &#8211; 19h30\/20h Groupe \u00ab\u00a0Enfants\u00a0\u00bb Manuel Benitez 18h30 &#8211; 20h30 Groupe \u00ab\u00a0Adultes\u00a0\u00bb Manuel Benitez \u00a0 Jeudi 18h30 &#8211; 19h30\/20h Groupe \u00ab\u00a0Enfants\u00a0\u00bb Manuel Benitez 18h30 &#8211; 20h30 Groupe \u00ab\u00a0Adultes\u00a0\u00bb Manuel Benitez L&rsquo;\u00e9quipe Entra\u00eeneur principal : Manuel Benitez Entra\u00eeneurs rempla\u00e7ants : Bruno Iezzi et Marcel Borne<\/p>\n<p><a href=\"https:\/\/budokanporrentruy.ch\/index.php\/aikido\/horaire-entrainements\/\"><span class=\"glyphicon glyphicon-arrow-right\"><\/span>&nbsp;Poursuivre la lecture<\/a><\/p>","protected":false},"author":1,"featured_media":0,"parent":10,"menu_order":1,"comment_status":"closed","ping_status":"closed","template":"","meta":{"footnotes":""},"class_list":["post-29","page","type-page","status-publish","hentry"],"_links":{"self":[{"href":"https:\/\/budokanporrentruy.ch\/index.php\/wp-json\/wp\/v2\/pages\/29"}],"collection":[{"href":"https:\/\/budokanporrentruy.ch\/index.php\/wp-json\/wp\/v2\/pages"}],"about":[{"href":"https:\/\/budokanporrentruy.ch\/index.php\/wp-json\/wp\/v2\/types\/page"}],"author":[{"embeddable":true,"href":"https:\/\/budokanporrentruy.ch\/index.php\/wp-json\/wp\/v2\/users\/1"}],"replies":[{"embeddable":true,"href":"https:\/\/budokanporrentruy.ch\/index.php\/wp-json\/wp\/v2\/comments?post=29"}],"version-history":[{"count":18,"href":"https:\/\/budokanporrentruy.ch\/index.php\/wp-json\/wp\/v2\/pages\/29\/revisions"}],"predecessor-version":[{"id":2043,"href":"https:\/\/budokanporrentruy.ch\/index.php\/wp-json\/wp\/v2\/pages\/29\/revisions\/2043"}],"up":[{"embeddable":true,"href":"https:\/\/budokanporrentruy.ch\/index.php\/wp-json\/wp\/v2\/pages\/10"}],"wp:attachment":[{"href":"https:\/\/budokanporrentruy.ch\/index.php\/wp-json\/wp\/v2\/media?parent=29"}],"curies":[{"name":"wp","href":"https:\/\/api.w.org\/{rel}","templated":true}]}}