{"id":717,"date":"2018-09-23T19:39:32","date_gmt":"2018-09-23T17:39:32","guid":{"rendered":"https:\/\/budokanporrentruy.ch\/?page_id=717"},"modified":"2023-11-22T13:41:03","modified_gmt":"2023-11-22T12:41:03","slug":"cje","status":"publish","type":"page","link":"https:\/\/budokanporrentruy.ch\/index.php\/judo\/championnats-ju\/cje\/","title":{"rendered":"Championnat jurassien par \u00e9quipes des \u00e9colier-\u00e8re-s (CJEE)"},"content":{"rendered":"\n<p>Les CJEE sont r\u00e9serv\u00e9 aux judokas et judokates jusqu\u2019\u00e0 16 ans. Le but premier est de communiquer aux plus jeunes le plaisir du judo et de la comp\u00e9tition. Dans cette optique, le fait de combattre par \u00e9quipe conf\u00e8re une dimension suppl\u00e9mentaire \u00e0 ce sport individuel, et donne g\u00e9n\u00e9ralement lieu \u00e0 de tr\u00e8s belles ambiances.<\/p>\n<p>Le championnat annuel se d\u00e9roule sur quatre manches ind\u00e9pendantes, organis\u00e9es dans quatre lieux diff\u00e9rents. L\u2019\u00e9quipe ayant obtenu les meilleurs r\u00e9sultats sur l&rsquo;ensemble de l&rsquo;ann\u00e9e remporte le championnat.<\/p>\n\n\n\n<p>En 2023, l&rsquo;\u00e9quipe du club a remport\u00e9 la premi\u00e8re manche. Elle s&rsquo;est ensuite class\u00e9e 3\u00e8me de la seconde puis 2\u00e8me lors des deux derni\u00e8res manches. Au final, le BKP termine vice-champion jurassien!<\/p>\n<p><span style=\"text-decoration: underline;\"><strong>Classement final<\/strong><\/span><\/p>\n<div dir=\"auto\">1. JC Moutier<\/div>\n<div dir=\"auto\">2. Budo-Kan Porrentruy<\/div>\n<div dir=\"auto\">3. BK Tramelan<\/div>\n<div dir=\"auto\">4. JC Del\u00e9mont<\/div>\n<div dir=\"auto\">5. JC Franches-Montagnes<\/div>\n<div dir=\"auto\">6. JC Bo\u00e9court<\/div>\n<div dir=\"auto\">7. JC Reconvilier<\/div>\n<div dir=\"auto\">\u00a0<\/div>\n\n\n\n<blockquote>\n<p>&gt; L&rsquo;historique complet des r\u00e9sultats sur le site de l&rsquo;Association jurassienne de judo: <a href=\"http:\/\/judo-jura.ch\/championnats\/jurassiens-par-equipes\/resultats-par-equipes\/\">Historique CJEE<\/a><\/p>\n<\/blockquote>\n<p>\u00a0<\/p>\n","protected":false},"excerpt":{"rendered":"<p>Les CJEE sont r\u00e9serv\u00e9 aux judokas et judokates jusqu\u2019\u00e0 16 ans. Le but premier est de communiquer aux plus jeunes le plaisir du judo et de la comp\u00e9tition. Dans cette optique, le fait de combattre par \u00e9quipe conf\u00e8re une dimension suppl\u00e9mentaire \u00e0 ce sport individuel, et donne g\u00e9n\u00e9ralement lieu \u00e0 de tr\u00e8s belles ambiances. Le&#8230;<\/p>\n<p><a href=\"https:\/\/budokanporrentruy.ch\/index.php\/judo\/championnats-ju\/cje\/\"><span class=\"glyphicon glyphicon-arrow-right\"><\/span>&nbsp;Poursuivre la lecture<\/a><\/p>","protected":false},"author":1,"featured_media":0,"parent":715,"menu_order":0,"comment_status":"closed","ping_status":"closed","template":"","meta":{"footnotes":""},"class_list":["post-717","page","type-page","status-publish","hentry"],"_links":{"self":[{"href":"https:\/\/budokanporrentruy.ch\/index.php\/wp-json\/wp\/v2\/pages\/717"}],"collection":[{"href":"https:\/\/budokanporrentruy.ch\/index.php\/wp-json\/wp\/v2\/pages"}],"about":[{"href":"https:\/\/budokanporrentruy.ch\/index.php\/wp-json\/wp\/v2\/types\/page"}],"author":[{"embeddable":true,"href":"https:\/\/budokanporrentruy.ch\/index.php\/wp-json\/wp\/v2\/users\/1"}],"replies":[{"embeddable":true,"href":"https:\/\/budokanporrentruy.ch\/index.php\/wp-json\/wp\/v2\/comments?post=717"}],"version-history":[{"count":8,"href":"https:\/\/budokanporrentruy.ch\/index.php\/wp-json\/wp\/v2\/pages\/717\/revisions"}],"predecessor-version":[{"id":1931,"href":"https:\/\/budokanporrentruy.ch\/index.php\/wp-json\/wp\/v2\/pages\/717\/revisions\/1931"}],"up":[{"embeddable":true,"href":"https:\/\/budokanporrentruy.ch\/index.php\/wp-json\/wp\/v2\/pages\/715"}],"wp:attachment":[{"href":"https:\/\/budokanporrentruy.ch\/index.php\/wp-json\/wp\/v2\/media?parent=717"}],"curies":[{"name":"wp","href":"https:\/\/api.w.org\/{rel}","templated":true}]}}