{"id":719,"date":"2018-09-23T19:39:59","date_gmt":"2018-09-23T17:39:59","guid":{"rendered":"https:\/\/budokanporrentruy.ch\/?page_id=719"},"modified":"2023-11-17T22:21:30","modified_gmt":"2023-11-17T21:21:30","slug":"cji","status":"publish","type":"page","link":"https:\/\/budokanporrentruy.ch\/index.php\/judo\/championnats-ju\/championnats-individuels\/cji\/","title":{"rendered":"Championnat jurassien individuel 2019"},"content":{"rendered":"\n<h3 class=\"wp-block-heading\">Informations<\/h3>\n\n\n<p>Quand : le dimanche 8 d\u00e9cembre 2019<\/p>\n<p>O\u00f9 : Salle de l&rsquo;Oiselier \u00e0 Porrentruy<\/p>\n<p>Organisation : Budo-Kan Porrentruy<\/p>\n<p>Vous trouverez de plus amples informations sur l&rsquo;organisation, les horaires et les cat\u00e9gories dans le document ci-dessous :<\/p>\n<p><span style=\"font-size: inherit;\">&gt; <\/span><a style=\"font-size: inherit;\" href=\"https:\/\/budokanporrentruy.ch\/wp-content\/uploads\/2019\/12\/infos-CJI.pdf\">Championnat jurassien individuel 2019<\/a><\/p>\n<h1>Les r\u00e9sultats<\/h1>\n<p>Les championnats 2019 se sont tenus dans une belle ambiance \u00e0 l&rsquo;Oiselier. Au total, 31 titres de championne et champion jurassien-ne-s ont \u00e9t\u00e9 attribu\u00e9s aux quelque 96 participant-e-s.<\/p>\n<p>En comptant les doubles-inscriptions, le nombre d&rsquo;inscription total repasse au-dessus de la barre symbolique des 100 inscrits, un bilan r\u00e9jouissant !<\/p>\n<p><img loading=\"lazy\" decoding=\"async\" class=\"size-medium wp-image-1337 alignright\" src=\"https:\/\/budokanporrentruy.ch\/wp-content\/uploads\/2019\/12\/Ceremonie-300x200.jpg\" alt=\"Les m\u00e9daill\u00e9s et m\u00e9daill\u00e9es des Championnats suisses individuels ont \u00e9t\u00e9 r\u00e9compens\u00e9-e-s dimanche.\" width=\"300\" height=\"200\" srcset=\"https:\/\/budokanporrentruy.ch\/wp-content\/uploads\/2019\/12\/Ceremonie-300x200.jpg 300w, https:\/\/budokanporrentruy.ch\/wp-content\/uploads\/2019\/12\/Ceremonie-768x512.jpg 768w, https:\/\/budokanporrentruy.ch\/wp-content\/uploads\/2019\/12\/Ceremonie-1024x683.jpg 1024w\" sizes=\"(max-width: 300px) 100vw, 300px\" \/>Avant la pause de midi, comme il en est l&rsquo;usage, le pr\u00e9sident de l&rsquo;AJJ Pascal Domont a pris la parole pour tirer le bilan de l&rsquo;ann\u00e9e 2019. Cette partie officielle s&rsquo;est tenue en pr\u00e9sence du Ministre cantonal des sports Martial Courtet. Une minute de silence a \u00e9galement \u00e9t\u00e9 respect\u00e9e en hommage \u00e0 M. Ren\u00e9 Amweg, pionnier du judo jurassien et d\u00e9c\u00e9d\u00e9 en novembre cette ann\u00e9e.<\/p>\n<p><strong>&gt;&gt; Les r\u00e9sultats complets par cat\u00e9gories :<\/strong><\/p>\n<p><a href=\"https:\/\/budokanporrentruy.ch\/wp-content\/uploads\/2019\/12\/CJI-2019-Podiums.pdf\" target=\"_blank\" rel=\"noopener noreferrer\">CJI 2019 &#8211; Podiums<\/a><\/p>\n<p><strong>&gt;&gt; Les r\u00e9sultats par clubs :<\/strong><\/p>\n<p><a href=\"https:\/\/budokanporrentruy.ch\/wp-content\/uploads\/2019\/12\/CJI-2019-M\u00e9dailles.pdf\" target=\"_blank\" rel=\"noopener noreferrer\">CJI 2019 &#8211; M\u00e9dailles<\/a><\/p>","protected":false},"excerpt":{"rendered":"<p>Informations Quand : le dimanche 8 d\u00e9cembre 2019 O\u00f9 : Salle de l&rsquo;Oiselier \u00e0 Porrentruy Organisation : Budo-Kan Porrentruy Vous trouverez de plus amples informations sur l&rsquo;organisation, les horaires et les cat\u00e9gories dans le document ci-dessous : &gt; Championnat jurassien individuel 2019 Les r\u00e9sultats Les championnats 2019 se sont tenus dans une belle ambiance \u00e0&#8230;<\/p>\n<p><a href=\"https:\/\/budokanporrentruy.ch\/index.php\/judo\/championnats-ju\/championnats-individuels\/cji\/\"><span class=\"glyphicon glyphicon-arrow-right\"><\/span>&nbsp;Poursuivre la lecture<\/a><\/p>","protected":false},"author":1,"featured_media":0,"parent":1516,"menu_order":0,"comment_status":"closed","ping_status":"closed","template":"","meta":{"footnotes":""},"class_list":["post-719","page","type-page","status-publish","hentry"],"_links":{"self":[{"href":"https:\/\/budokanporrentruy.ch\/index.php\/wp-json\/wp\/v2\/pages\/719"}],"collection":[{"href":"https:\/\/budokanporrentruy.ch\/index.php\/wp-json\/wp\/v2\/pages"}],"about":[{"href":"https:\/\/budokanporrentruy.ch\/index.php\/wp-json\/wp\/v2\/types\/page"}],"author":[{"embeddable":true,"href":"https:\/\/budokanporrentruy.ch\/index.php\/wp-json\/wp\/v2\/users\/1"}],"replies":[{"embeddable":true,"href":"https:\/\/budokanporrentruy.ch\/index.php\/wp-json\/wp\/v2\/comments?post=719"}],"version-history":[{"count":20,"href":"https:\/\/budokanporrentruy.ch\/index.php\/wp-json\/wp\/v2\/pages\/719\/revisions"}],"predecessor-version":[{"id":1922,"href":"https:\/\/budokanporrentruy.ch\/index.php\/wp-json\/wp\/v2\/pages\/719\/revisions\/1922"}],"up":[{"embeddable":true,"href":"https:\/\/budokanporrentruy.ch\/index.php\/wp-json\/wp\/v2\/pages\/1516"}],"wp:attachment":[{"href":"https:\/\/budokanporrentruy.ch\/index.php\/wp-json\/wp\/v2\/media?parent=719"}],"curies":[{"name":"wp","href":"https:\/\/api.w.org\/{rel}","templated":true}]}}